{"id":116,"date":"2025-03-03T09:36:19","date_gmt":"2025-03-03T09:36:19","guid":{"rendered":"https:\/\/gruposicore.com\/?page_id=116"},"modified":"2025-03-03T09:36:19","modified_gmt":"2025-03-03T09:36:19","slug":"politica-de-cookies","status":"publish","type":"page","link":"https:\/\/gruposicore.com\/index.php\/politica-de-cookies\/","title":{"rendered":"Pol\u00edtica de cookies"},"content":{"rendered":"<div class=\"wpb-content-wrapper\"><p>[vc_section el_class=\u00bbbg-left-center,frase-destacada\u00bb][vc_row][vc_column][gsf_space desktop=\u00bb70&#8243; tablet=\u00bb70&#8243; tablet_portrait=\u00bb60&#8243; mobile_landscape=\u00bb50&#8243; mobile=\u00bb40&#8243;][vc_column_text css=\u00bb\u00bb]<\/p>\n<h1>POL\u00cdTICA DE COOKIES<\/h1>\n<p>[\/vc_column_text][\/vc_column][\/vc_row][\/vc_section][vc_section][vc_row content_placement=\u00bbmiddle\u00bb][vc_column][gsf_space desktop=\u00bb70&#8243; tablet=\u00bb70&#8243; tablet_portrait=\u00bb60&#8243; mobile_landscape=\u00bb50&#8243; mobile=\u00bb40&#8243;][\/vc_column][\/vc_row][vc_row content_placement=\u00bbmiddle\u00bb][vc_column][vc_column_text css=\u00bb\u00bb]<span style=\"color: #949494;\"><span style=\"font-family: Arial, serif;\"><span style=\"font-size: small;\">En cumplimiento con lo dispuesto en el art\u00edculo 22.2 de la Ley 34\/2002, de 11 de julio, de Servicios de la Sociedad de la Informaci\u00f3n y de Comercio Electr\u00f3nico, esta p\u00e1gina web le informa, en esta secci\u00f3n, sobre la pol\u00edtica de recogida y tratamiento de cookies.<\/span><\/span><\/span><\/p>\n<p><span style=\"color: #949494;\"><span style=\"font-family: Arial, serif;\"><span style=\"font-size: small;\">Una cookie es un fichero que se descarga en su ordenador al acceder a determinadas p\u00e1ginas web. Las cookies permiten a una p\u00e1gina web, entre otras cosas, almacenar y recuperar informaci\u00f3n sobre los h\u00e1bitos de navegaci\u00f3n de un usuario o de su equipo y, dependiendo de la informaci\u00f3n que contengan y de la forma en que utilice su equipo, pueden utilizarse para reconocer al usuario.<\/span><\/span><\/span><\/p>\n<p><span style=\"color: #949494;\"><span style=\"font-family: Arial, serif;\"><span style=\"font-size: small;\">Esta p\u00e1gina web utiliza los siguientes tipos de cookies:<\/span><\/span><\/span><\/p>\n<table width=\"1023\" cellspacing=\"0\" cellpadding=\"10\" bgcolor=\"#ffffff\">\n<tbody>\n<tr>\n<td style=\"background: transparent;\" width=\"99\" height=\"12\"><span style=\"color: #666666;\"><span style=\"font-family: Arial, serif;\"><span style=\"font-size: small;\">Cookies de an\u00e1lisis<\/span><\/span><\/span><\/td>\n<td style=\"background: transparent;\" width=\"882\"><span style=\"color: #666666;\"><span style=\"font-family: Arial, serif;\"><span style=\"font-size: small;\">Son aquellas que bien tratadas por nosotros o por terceros, nos permiten cuantificar el n\u00famero de usuarios y as\u00ed realizar la medici\u00f3n y an\u00e1lisis estad\u00edstico de la utilizaci\u00f3n que hacen los usuarios del servicio ofertado. Para ello se analiza su navegaci\u00f3n en nuestra p\u00e1gina web con el fin de mejorar la oferta de productos o servicios que le ofrecemos.<\/span><\/span><\/span><\/td>\n<\/tr>\n<tr>\n<td style=\"background: transparent;\" width=\"99\" height=\"13\"><span style=\"color: #666666;\"><span style=\"font-family: Arial, serif;\"><span style=\"font-size: small;\">Cookies t\u00e9cnicas<\/span><\/span><\/span><\/td>\n<td style=\"background: transparent;\" width=\"882\"><span style=\"color: #666666;\"><span style=\"font-family: Arial, serif;\"><span style=\"font-size: small;\">Son aquellas que permiten al usuario la navegaci\u00f3n a trav\u00e9s del \u00e1rea restringida y la utilizaci\u00f3n de sus diferentes funciones, como por ejemplo, llevar a cambio el proceso de compra de un art\u00edculo.<\/span><\/span><\/span><\/td>\n<\/tr>\n<tr>\n<td style=\"background: transparent;\" width=\"99\" height=\"14\"><span style=\"color: #666666;\"><span style=\"font-family: Arial, serif;\"><span style=\"font-size: small;\">Cookies de personalizaci\u00f3n<\/span><\/span><\/span><\/td>\n<td style=\"background: transparent;\" width=\"882\"><span style=\"color: #666666;\"><span style=\"font-family: Arial, serif;\"><span style=\"font-size: small;\">Son aquellas que permiten al usuario acceder al servicio con algunas caracter\u00edsticas de car\u00e1cter general predefinidas en funci\u00f3n de una serie de criterios en el terminal del usuario como por ejemplo serian el idioma o el tipo de navegador a trav\u00e9s del cual se conecta al servicio.<\/span><\/span><\/span><\/td>\n<\/tr>\n<tr>\n<td style=\"background: transparent;\" width=\"99\" height=\"29\"><span style=\"color: #666666;\"><span style=\"font-family: Arial, serif;\"><span style=\"font-size: small;\">Cookies publicitarias<\/span><\/span><\/span><\/td>\n<td style=\"background: transparent;\" width=\"882\"><span style=\"color: #666666;\"><span style=\"font-family: Arial, serif;\"><span style=\"font-size: small;\">Son aquellas que, bien tratadas por esta web o por terceros, permiten gestionar de la forma m\u00e1s eficaz posible la oferta de los espacios publicitarios que hay en la p\u00e1gina web, adecuando el contenido del anuncio al contenido del servicio solicitado o al uso que realice de nuestra p\u00e1gina web. Para ello podemos analizar sus h\u00e1bitos de navegaci\u00f3n en Internet y podemos mostrarle publicidad relacionada con su perfil de navegaci\u00f3n.<\/span><\/span><\/span><\/td>\n<\/tr>\n<tr>\n<td style=\"background: transparent;\" width=\"99\" height=\"28\"><span style=\"color: #666666;\"><span style=\"font-family: Arial, serif;\"><span style=\"font-size: small;\">Cookies de publicidad comportamental<\/span><\/span><\/span><\/td>\n<td style=\"background: transparent;\" width=\"882\"><span style=\"color: #666666;\"><span style=\"font-family: Arial, serif;\"><span style=\"font-size: small;\">Son aquellas que permiten la gesti\u00f3n, de la forma m\u00e1s eficaz posible, de los espacios publicitarios que, en su caso, el editor haya incluido en una p\u00e1gina web, aplicaci\u00f3n o plataforma desde la que presta el servicio solicitado. Este tipo de cookies almacenan informaci\u00f3n del comportamiento de los visitantes obtenida a trav\u00e9s de la observaci\u00f3n continuada de sus h\u00e1bitos de navegaci\u00f3n, lo que permite desarrollar un perfil espec\u00edfico para mostrar avisos publicitarios en funci\u00f3n del mismo.<\/span><\/span><\/span><\/td>\n<\/tr>\n<\/tbody>\n<\/table>\n<p><span style=\"color: #949494;\"><span style=\"font-family: Arial, serif;\"><span style=\"font-size: small;\">Usted puede eliminar y bloquear todas las cookies de este sitio, pero parte del sitio no funcionar\u00e1 o la calidad de la p\u00e1gina web puede verse afectada.<\/span><\/span><\/span><\/p>\n<p><span style=\"color: #949494;\"><span style=\"font-family: Arial, serif;\"><span style=\"font-size: small;\">Puede usted permitir, bloquear o eliminar las cookies instaladas en su equipo mediante la configuraci\u00f3n de las opciones del navegador instalado en su ordenador. En la mayor\u00eda de los navegadores web se ofrece la posibilidad de permitir, bloquear o eliminar las cookies instaladas en su equipo.<\/span><\/span><\/span><\/p>\n<p><span style=\"color: #949494;\"><span style=\"font-family: Arial, serif;\"><span style=\"font-size: small;\">A continuaci\u00f3n, puede acceder a la configuraci\u00f3n de los navegadores webs m\u00e1s frecuentes para aceptar, instalar o desactivar las cookies:<\/span><\/span><\/span><\/p>\n<ul>\n<li><span style=\"font-family: Arial, serif;\"><span style=\"font-size: small;\"><b><span style=\"color: #3c3c3c;\">Chrome:<\/span><\/b><\/span><\/span><span style=\"color: #3c3c3c;\"><span style=\"font-family: Arial, serif;\"><span style=\"font-size: small;\">\u00a0https:\/\/www.google.es\/intl\/es\/policies\/technologies\/managing\/<\/span><\/span><\/span><\/li>\n<li><span style=\"font-family: Arial, serif;\"><span style=\"font-size: small;\"><b><span style=\"color: #3c3c3c;\">Explorer:<\/span><\/b><\/span><\/span><span style=\"color: #3c3c3c;\"><span style=\"font-family: Arial, serif;\"><span style=\"font-size: small;\">\u00a0http:\/\/windows.microsoft.com\/es-es\/windows7\/how-to-manage-cookies-ininternet-explorer-9<\/span><\/span><\/span><\/li>\n<li><span style=\"font-family: Arial, serif;\"><span style=\"font-size: small;\"><b><span style=\"color: #3c3c3c;\">Firefox:<\/span><\/b><\/span><\/span><span style=\"color: #3c3c3c;\"><span style=\"font-family: Arial, serif;\"><span style=\"font-size: small;\">\u00a0http:\/\/support.mozilla.org\/es\/kb\/habilitar-y-deshabilitar-cookies-que-lossitios-we<\/span><\/span><\/span><\/li>\n<li><span style=\"font-family: Arial, serif;\"><span style=\"font-size: small;\"><b><span style=\"color: #3c3c3c;\">Safari:<\/span><\/b><\/span><\/span><span style=\"color: #3c3c3c;\"><span style=\"font-family: Arial, serif;\"><span style=\"font-size: small;\">\u00a0http:\/\/support.apple.com\/kb\/ph5042<\/span><\/span><\/span><\/li>\n<li><a name=\"_GoBack\"><\/a> <span style=\"font-family: Arial, serif;\"><span style=\"font-size: small;\"><b><span style=\"color: #3c3c3c;\">Opera:<\/span><\/b><\/span><\/span><span style=\"color: #3c3c3c;\"><span style=\"font-family: Arial, serif;\"><span style=\"font-size: small;\">\u00a0http:\/\/www.opera.com\/help\/tutorials\/security\/privacy\/<\/span><\/span><\/span><\/li>\n<\/ul>\n<p><span style=\"color: #3c3c3c;\"><span style=\"font-family: Arial, serif;\"><span style=\"font-size: small;\">Si no desea ser rastreado por las cookies de Google Analytics, Google ha desarrollado un complemento para instalar en su navegador al que puede acceder en el siguiente enlace:\u00a0<\/span><\/span><\/span><span style=\"color: #f56600;\"><span style=\"font-family: Arial, serif;\"><span style=\"font-size: small;\"><u><a href=\"http:\/\/goo.gl\/up4ND\" target=\"_blank\" rel=\"noopener\">http:\/\/goo.gl\/up4ND<\/a><\/u><\/span><\/span><\/span><\/p>\n<p><span style=\"color: #3c3c3c;\"><span style=\"font-family: Arial, serif;\"><span style=\"font-size: small;\">Nuestro sitio incluye otras funcionalidades proporcionadas por terceros. Usted puede f\u00e1cilmente compartir el contenido en redes sociales como Facebook, Twitter o Google +, con los botones que hemos incluido a tal efecto.<\/span><\/span><\/span><\/p>\n<p><span style=\"color: #3c3c3c;\"><span style=\"font-family: Arial, serif;\"><span style=\"font-size: small;\">Si tiene cualquier duda acerca de nuestra pol\u00edtica de cookies, puede contactar con esta p\u00e1gina web a trav\u00e9s de nuestros canales de Contacto o a trav\u00e9s del email <\/span><\/span><\/span><span style=\"font-family: Arial, serif;\"><span style=\"font-size: small;\">info@repuestosillescas.com<\/span><\/span>[\/vc_column_text][\/vc_column][\/vc_row][vc_row content_placement=\u00bbmiddle\u00bb][vc_column][gsf_space desktop=\u00bb70&#8243; tablet=\u00bb70&#8243; tablet_portrait=\u00bb60&#8243; mobile_landscape=\u00bb50&#8243; mobile=\u00bb40&#8243;][\/vc_column][\/vc_row][\/vc_section]<\/p>\n<\/div>","protected":false},"excerpt":{"rendered":"<p>[vc_section el_class=\u00bbbg-left-center,frase-destacada\u00bb][vc_row][vc_column][gsf_space desktop=\u00bb70&#8243; tablet=\u00bb70&#8243; tablet_portrait=\u00bb60&#8243; mobile_landscape=\u00bb50&#8243; mobile=\u00bb40&#8243;][vc_column_text css=\u00bb\u00bb] POL\u00cdTICA DE COOKIES [\/vc_column_text][\/vc_column][\/vc_row][\/vc_section][vc_section][vc_row content_placement=\u00bbmiddle\u00bb][vc_column][gsf_space desktop=\u00bb70&#8243; tablet=\u00bb70&#8243; tablet_portrait=\u00bb60&#8243; mobile_landscape=\u00bb50&#8243; mobile=\u00bb40&#8243;][\/vc_column][\/vc_row][vc_row content_placement=\u00bbmiddle\u00bb][vc_column][vc_column_text css=\u00bb\u00bb]En cumplimiento con lo dispuesto en el art\u00edculo 22.2 de la Ley 34\/2002, de 11 de julio, de Servicios de la Sociedad de la Informaci\u00f3n y de Comercio Electr\u00f3nico, esta p\u00e1gina web le informa, en esta [&hellip;]<\/p>\n","protected":false},"author":1,"featured_media":0,"parent":0,"menu_order":0,"comment_status":"closed","ping_status":"closed","template":"","meta":{"footnotes":""},"class_list":["post-116","page","type-page","status-publish","hentry"],"_links":{"self":[{"href":"https:\/\/gruposicore.com\/index.php\/wp-json\/wp\/v2\/pages\/116","targetHints":{"allow":["GET"]}}],"collection":[{"href":"https:\/\/gruposicore.com\/index.php\/wp-json\/wp\/v2\/pages"}],"about":[{"href":"https:\/\/gruposicore.com\/index.php\/wp-json\/wp\/v2\/types\/page"}],"author":[{"embeddable":true,"href":"https:\/\/gruposicore.com\/index.php\/wp-json\/wp\/v2\/users\/1"}],"replies":[{"embeddable":true,"href":"https:\/\/gruposicore.com\/index.php\/wp-json\/wp\/v2\/comments?post=116"}],"version-history":[{"count":1,"href":"https:\/\/gruposicore.com\/index.php\/wp-json\/wp\/v2\/pages\/116\/revisions"}],"predecessor-version":[{"id":117,"href":"https:\/\/gruposicore.com\/index.php\/wp-json\/wp\/v2\/pages\/116\/revisions\/117"}],"wp:attachment":[{"href":"https:\/\/gruposicore.com\/index.php\/wp-json\/wp\/v2\/media?parent=116"}],"curies":[{"name":"wp","href":"https:\/\/api.w.org\/{rel}","templated":true}]}}