{"id":113,"date":"2025-03-03T09:34:38","date_gmt":"2025-03-03T09:34:38","guid":{"rendered":"https:\/\/gruposicore.com\/?page_id=113"},"modified":"2025-03-12T13:40:37","modified_gmt":"2025-03-12T13:40:37","slug":"aviso-legal","status":"publish","type":"page","link":"https:\/\/gruposicore.com\/index.php\/aviso-legal\/","title":{"rendered":"Aviso legal"},"content":{"rendered":"<div class=\"wpb-content-wrapper\"><p>[vc_section el_class=\u00bbbg-left-center,frase-destacada\u00bb][vc_row][vc_column][gsf_space desktop=\u00bb70&#8243; tablet=\u00bb70&#8243; tablet_portrait=\u00bb60&#8243; mobile_landscape=\u00bb50&#8243; mobile=\u00bb40&#8243;][vc_column_text css=\u00bb\u00bb]<\/p>\n<h1>AVISO LEGAL<\/h1>\n<p>[\/vc_column_text][\/vc_column][\/vc_row][\/vc_section][vc_section][vc_row content_placement=\u00bbmiddle\u00bb][vc_column][gsf_space desktop=\u00bb70&#8243; tablet=\u00bb70&#8243; tablet_portrait=\u00bb60&#8243; mobile_landscape=\u00bb50&#8243; mobile=\u00bb40&#8243;][\/vc_column][\/vc_row][vc_row content_placement=\u00bbmiddle\u00bb][vc_column][vc_column_text el_class=\u00bb\u00bb css=\u00bb\u00bb]<span style=\"color: #2e2e2e;\"><span style=\"font-size: xx-large;\"><b>Condiciones Generales de Uso<\/b><\/span><\/span><\/p>\n<dl>\n<dd>\n<p align=\"justify\"><span style=\"color: #333333;\">Las presentes Condiciones Generales de Uso (en adelante, \u201clas Condiciones Generales\u201d) rigen el acceso y la utilizaci\u00f3n, por parte del Usuario, del Sitio Web <\/span><a href=\"https:\/\/gruposicore.com\/\"><span style=\"color: #333333;\">gruposicore.com <\/span><\/a><span style=\"color: #333333;\">(en adelante, \u201cel Sitio Web\u201d). Por medio de la aceptaci\u00f3n de las presentes Condiciones Generales, el Usuario manifiesta:<\/span><\/p>\n<ul>\n<li><span style=\"color: #333333;\">Que ha le\u00eddo, entiende y comprende lo aqu\u00ed expuesto.<\/span><\/li>\n<li><span style=\"color: #333333;\">Que asume todas las obligaciones aqu\u00ed dispuestas.<\/span><\/li>\n<\/ul>\n<p align=\"justify\"><span style=\"color: #333333;\">La utilizaci\u00f3n del Sitio Web atribuye la condici\u00f3n de Usuario del Sitio Web (en adelante, \u201cel Usuario\u201d) e implica la aceptaci\u00f3n de todos los t\u00e9rminos incluidos en estas Condiciones Generales. El Usuario debe leer atentamente las presentes Condiciones Generales cada vez que acceda al Sitio Web, ya que el mismo y estas Condiciones Generales pueden sufrir modificaciones.<\/span><\/p>\n<p align=\"justify\"><span style=\"color: #333333;\">El titular del Sitio Web se reserva la facultad de realizar, en cualquier momento y sin necesidad de preaviso, cualquier modificaci\u00f3n o actualizaci\u00f3n de sus contenidos y servicios; de las presentes Condiciones Generales y, en general, de cuantos elementos integran el dise\u00f1o y configuraci\u00f3n del Sitio Web.<\/span><\/p>\n<p><span style=\"color: #2e2e2e;\"><b>C\u00f3mo usamos la informaci\u00f3n<\/b><\/span><\/p>\n<p align=\"justify\"><span style=\"color: #333333;\">Este documento le indica tambi\u00e9n qu\u00e9 tratamiento damos a la informaci\u00f3n que recogemos sobre su visita. Esta informaci\u00f3n se aplica a los datos sobre:<\/span><\/p>\n<ul>\n<li><span style=\"color: #333333;\">Visitas a nuestra web<\/span><\/li>\n<li><span style=\"color: #333333;\">Uso de nuestros servicios por ejemplo, suscripci\u00f3n a la newsletter, realizaci\u00f3n de una consulta o solicitud de un caso de estudio<\/span><\/li>\n<li><span style=\"color: #333333;\">Personas que se acogen a la ley de protecci\u00f3n de datos.<\/span><\/li>\n<li><span style=\"color: #333333;\">Informaci\u00f3n sobre solicitudes de trabajo y datos sobre nuestros empleados o ex empleados.<\/span><\/li>\n<\/ul>\n<p><span style=\"color: #2e2e2e;\"><b>Informaci\u00f3n general del Sitio Web<\/b><\/span><\/p>\n<p align=\"justify\"><span style=\"color: #333333;\">En cumplimiento de lo establecido por el art\u00edculo 10 de la Ley 34\/2002, de 11 de julio, de servicios de la sociedad de la informaci\u00f3n y de comercio electr\u00f3nico, a continuaci\u00f3n se ofrece la informaci\u00f3n general del Sitio Web:<\/span><\/p>\n<dl>\n<dd>\n<table width=\"649\" cellspacing=\"0\" cellpadding=\"10\" bgcolor=\"#ffffff\">\n<tbody>\n<tr>\n<td style=\"background: transparent;\" width=\"122\"><span style=\"font-size: small;\"><b><span style=\"color: #666666;\">Titular:<\/span><\/b><\/span><\/td>\n<td style=\"background: transparent;\" width=\"485\"><strong>DISTRIBUCIONES IMPORTACIONES MAQUINARIA DE ALIMENTACION S.A.<\/strong><\/td>\n<\/tr>\n<tr>\n<td style=\"background: transparent;\" width=\"122\"><span style=\"font-size: small;\"><b><span style=\"color: #666666;\">Direcci\u00f3n:<\/span><\/b><\/span><\/td>\n<td style=\"background: transparent;\" width=\"485\"><strong>C\/ de Sep\u00falveda, 6 Naves 6 y 8 POL IND DE ALCOBENDAS 28108 ALCOBENDAS (Madrid)<\/strong><\/td>\n<\/tr>\n<tr>\n<td style=\"background: transparent;\" width=\"122\"><span style=\"font-size: small;\"><b><span style=\"color: #666666;\">Contacto:<\/span><\/b><\/span><\/td>\n<td style=\"background: transparent;\" width=\"485\"><span style=\"color: #666666;\"><span style=\"font-size: small;\">info@<a href=\"mailto:general@dima-sa.com\">general@dima-sa.com<\/a><\/span><\/span><\/td>\n<\/tr>\n<tr>\n<td style=\"background: transparent;\" width=\"122\"><span style=\"font-size: small;\"><b><span style=\"color: #666666;\">C.I.F.:<\/span><\/b><\/span><\/td>\n<td style=\"background: transparent;\" width=\"485\"><strong>A80703523<\/strong><\/td>\n<\/tr>\n<\/tbody>\n<\/table>\n<\/dd>\n<\/dl>\n<\/dd>\n<\/dl>\n<p>[\/vc_column_text][\/vc_column][\/vc_row][vc_row content_placement=\u00bbmiddle\u00bb][vc_column][gsf_space desktop=\u00bb70&#8243; tablet=\u00bb70&#8243; tablet_portrait=\u00bb60&#8243; mobile_landscape=\u00bb50&#8243; mobile=\u00bb40&#8243;][\/vc_column][\/vc_row][\/vc_section]<\/p>\n<\/div>","protected":false},"excerpt":{"rendered":"<p>[vc_section el_class=\u00bbbg-left-center,frase-destacada\u00bb][vc_row][vc_column][gsf_space desktop=\u00bb70&#8243; tablet=\u00bb70&#8243; tablet_portrait=\u00bb60&#8243; mobile_landscape=\u00bb50&#8243; mobile=\u00bb40&#8243;][vc_column_text css=\u00bb\u00bb] AVISO LEGAL [\/vc_column_text][\/vc_column][\/vc_row][\/vc_section][vc_section][vc_row content_placement=\u00bbmiddle\u00bb][vc_column][gsf_space desktop=\u00bb70&#8243; tablet=\u00bb70&#8243; tablet_portrait=\u00bb60&#8243; mobile_landscape=\u00bb50&#8243; mobile=\u00bb40&#8243;][\/vc_column][\/vc_row][vc_row content_placement=\u00bbmiddle\u00bb][vc_column][vc_column_text el_class=\u00bb\u00bb css=\u00bb\u00bb]Condiciones Generales de Uso Las presentes Condiciones Generales de Uso (en adelante, \u201clas Condiciones Generales\u201d) rigen el acceso y la utilizaci\u00f3n, por parte del Usuario, del Sitio Web gruposicore.com (en adelante, \u201cel Sitio Web\u201d). Por medio [&hellip;]<\/p>\n","protected":false},"author":1,"featured_media":0,"parent":0,"menu_order":0,"comment_status":"closed","ping_status":"closed","template":"","meta":{"footnotes":""},"class_list":["post-113","page","type-page","status-publish","hentry"],"_links":{"self":[{"href":"https:\/\/gruposicore.com\/index.php\/wp-json\/wp\/v2\/pages\/113","targetHints":{"allow":["GET"]}}],"collection":[{"href":"https:\/\/gruposicore.com\/index.php\/wp-json\/wp\/v2\/pages"}],"about":[{"href":"https:\/\/gruposicore.com\/index.php\/wp-json\/wp\/v2\/types\/page"}],"author":[{"embeddable":true,"href":"https:\/\/gruposicore.com\/index.php\/wp-json\/wp\/v2\/users\/1"}],"replies":[{"embeddable":true,"href":"https:\/\/gruposicore.com\/index.php\/wp-json\/wp\/v2\/comments?post=113"}],"version-history":[{"count":5,"href":"https:\/\/gruposicore.com\/index.php\/wp-json\/wp\/v2\/pages\/113\/revisions"}],"predecessor-version":[{"id":213,"href":"https:\/\/gruposicore.com\/index.php\/wp-json\/wp\/v2\/pages\/113\/revisions\/213"}],"wp:attachment":[{"href":"https:\/\/gruposicore.com\/index.php\/wp-json\/wp\/v2\/media?parent=113"}],"curies":[{"name":"wp","href":"https:\/\/api.w.org\/{rel}","templated":true}]}}